{"id":4103,"date":"2022-08-04T11:08:21","date_gmt":"2022-08-04T09:08:21","guid":{"rendered":"https:\/\/nem.health\/?page_id=4103"},"modified":"2025-08-25T14:38:53","modified_gmt":"2025-08-25T12:38:53","slug":"nem-articles","status":"publish","type":"page","link":"https:\/\/nem.health\/en\/nem-articles\/","title":{"rendered":"Articles"},"content":{"rendered":"<p>[et_pb_section fb_built=&#8221;1&#8243; custom_padding_last_edited=&#8221;on|tablet&#8221; _builder_version=&#8221;4.17.6&#8243; _module_preset=&#8221;default&#8221; custom_padding=&#8221;||0px||false|false&#8221; custom_padding_tablet=&#8221;10px||0px||false|false&#8221; custom_padding_phone=&#8221;10px||0px||false|false&#8221; global_colors_info=&#8221;{}&#8221;][et_pb_row _builder_version=&#8221;4.17.3&#8243; _module_preset=&#8221;1e2150d6-1ae6-45bf-88f1-4f024320e3a0&#8243; global_colors_info=&#8221;{}&#8221;][et_pb_column type=&#8221;4_4&#8243; _builder_version=&#8221;4.17.3&#8243; _module_preset=&#8221;default&#8221; global_colors_info=&#8221;{}&#8221;][et_pb_text admin_label=&#8221;Learn about longevity&#8221; _builder_version=&#8221;4.21.0&#8243; _module_preset=&#8221;d9d47790-c9f3-4615-bd8b-dfbea118e30b&#8221; header_font_size=&#8221;38px&#8221; custom_margin=&#8221;||10px||false|false&#8221; hover_enabled=&#8221;0&#8243; header_font_size_tablet=&#8221;28px&#8221; header_font_size_phone=&#8221;28px&#8221; header_font_size_last_edited=&#8221;on|tablet&#8221; global_colors_info=&#8221;{}&#8221; sticky_enabled=&#8221;0&#8243;]<\/p>\n<h1 style=\"text-align: center;\">Articles<\/h1>\n<p>[\/et_pb_text][et_pb_text _builder_version=&#8221;4.17.6&#8243; _module_preset=&#8221;d9d47790-c9f3-4615-bd8b-dfbea118e30b&#8221; header_font_size_tablet=&#8221;40px&#8221; global_colors_info=&#8221;{}&#8221;]<\/p>\n<p style=\"text-align: center;\">How does one create an improved lifestyle and life quality? What is the difference between chronological and biological aging? Read and learn more about on the subjects of holistic health and longevity.<\/p>\n<p>[\/et_pb_text][\/et_pb_column][\/et_pb_row][et_pb_row _builder_version=&#8221;4.17.3&#8243; _module_preset=&#8221;1e2150d6-1ae6-45bf-88f1-4f024320e3a0&#8243; global_colors_info=&#8221;{}&#8221;][et_pb_column type=&#8221;4_4&#8243; _builder_version=&#8221;4.17.3&#8243; _module_preset=&#8221;default&#8221; global_colors_info=&#8221;{}&#8221;][et_pb_blog fullwidth=&#8221;off&#8221; posts_number=&#8221;9&#8243; show_more=&#8221;on&#8221; show_author=&#8221;off&#8221; show_date=&#8221;off&#8221; show_categories=&#8221;off&#8221; masonry_tile_background_color=&#8221;RGBA(255,255,255,0)&#8221; _builder_version=&#8221;4.17.6&#8243; _module_preset=&#8221;default&#8221; header_font=&#8221;|700|||||||&#8221; header_text_color=&#8221;#003E3E&#8221; header_font_size=&#8221;17px&#8221; body_text_color=&#8221;#003E3E&#8221; read_more_font=&#8221;|600|||||||&#8221; read_more_text_color=&#8221;#003E3E&#8221; read_more_font_size=&#8221;12px&#8221; background_color=&#8221;RGBA(255,255,255,0)&#8221; border_width_all=&#8221;0px&#8221; border_radii_image=&#8221;on|20px|20px|20px|20px&#8221; global_colors_info=&#8221;{}&#8221;][\/et_pb_blog][\/et_pb_column][\/et_pb_row][\/et_pb_section][et_pb_section fb_built=&#8221;1&#8243; admin_label=&#8221;Mailchimp&#8221; _builder_version=&#8221;4.17.3&#8243; _module_preset=&#8221;default&#8221; custom_padding=&#8221;0px||||false|false&#8221; global_colors_info=&#8221;{}&#8221;][et_pb_row custom_padding_last_edited=&#8221;on|desktop&#8221; _builder_version=&#8221;4.17.6&#8243; _module_preset=&#8221;1e2150d6-1ae6-45bf-88f1-4f024320e3a0&#8243; background_color=&#8221;#003E3E&#8221; custom_padding=&#8221;64px|64px|64px|64px|false|false&#8221; custom_padding_tablet=&#8221;30px|30px|30px|30px|false|false&#8221; custom_padding_phone=&#8221;30px|30px|30px|30px|false|false&#8221; border_radii=&#8221;on|30px|30px|30px|30px&#8221; global_colors_info=&#8221;{}&#8221;][et_pb_column type=&#8221;4_4&#8243; _builder_version=&#8221;4.17.3&#8243; _module_preset=&#8221;default&#8221; global_colors_info=&#8221;{}&#8221;][et_pb_text admin_label=&#8221;Advance your knowledge within longevity &#038; aging&#8221; _builder_version=&#8221;4.17.6&#8243; _module_preset=&#8221;d9d47790-c9f3-4615-bd8b-dfbea118e30b&#8221; header_3_text_color=&#8221;#FFFFFF&#8221; header_3_font_size=&#8221;38px&#8221; custom_margin=&#8221;||10px||false|false&#8221; custom_padding=&#8221;||||false|false&#8221; header_font_size_tablet=&#8221;40px&#8221; header_3_font_size_tablet=&#8221;28px&#8221; header_3_font_size_phone=&#8221;28px&#8221; header_3_font_size_last_edited=&#8221;on|tablet&#8221; global_colors_info=&#8221;{}&#8221;]<\/p>\n<h3 style=\"text-align: center;\">Advance your knowledge within longevity &amp; aging<\/h3>\n<p>[\/et_pb_text][et_pb_text _builder_version=&#8221;4.17.6&#8243; _module_preset=&#8221;d9d47790-c9f3-4615-bd8b-dfbea118e30b&#8221; text_text_color=&#8221;#FFFFFF&#8221; header_font_size_tablet=&#8221;40px&#8221; global_colors_info=&#8221;{}&#8221;]<\/p>\n<p style=\"text-align: center;\">Receive longevity and precision medicine insights, offers, and news!<\/p>\n<p>[\/et_pb_text][et_pb_code admin_label=&#8221;Mailchimp&#8221; _builder_version=&#8221;4.17.6&#8243; _module_preset=&#8221;default&#8221; text_orientation=&#8221;center&#8221; global_colors_info=&#8221;{}&#8221;]<!-- Begin Mailchimp Signup Form --><!-- [et_pb_line_break_holder] --><!-- [et_pb_line_break_holder] --><\/p>\n<div id=\"mc_embed_signup\"><!-- [et_pb_line_break_holder] --><\/p>\n<form id=\"mc-embedded-subscribe-form\" class=\"validate\" action=\"https:\/\/health.us7.list-manage.com\/subscribe\/post?u=eacf21f5764ae3f17986e652a&#038;id=7bed980ba7\" method=\"post\" name=\"mc-embedded-subscribe-form\" novalidate=\"\" target=\"_blank\"><!-- [et_pb_line_break_holder] --><!-- [et_pb_line_break_holder] --><\/p>\n<div id=\"mc_embed_signup_scroll\"><!-- [et_pb_line_break_holder] --><!-- [et_pb_line_break_holder] --><\/p>\n<div class=\"mc-field-group\"><!-- [et_pb_line_break_holder] --> <input id=\"mce-EMAIL\" class=\"required email\" name=\"EMAIL\" type=\"email\" value=\"\" placeholder=\"Enter your email...\" \/><input id=\"mc-embedded-subscribe\" class=\"button\" name=\"subscribe\" type=\"submit\" value=\"Send\" \/><!-- [et_pb_line_break_holder] --><\/div>\n<p><!-- [et_pb_line_break_holder] --><!-- [et_pb_line_break_holder] --><!-- [et_pb_line_break_holder] --><\/p>\n<div id=\"mce-responses\" class=\"clear\"><!-- [et_pb_line_break_holder] --><!-- [et_pb_line_break_holder] --><\/p>\n<div id=\"mce-error-response\" class=\"response\" style=\"display: none;\"><\/div>\n<p><!-- [et_pb_line_break_holder] --><!-- [et_pb_line_break_holder] --><!-- [et_pb_line_break_holder] --><\/p>\n<div id=\"mce-success-response\" class=\"response\" style=\"display: none;\"><\/div>\n<p><!-- [et_pb_line_break_holder] --><!-- [et_pb_line_break_holder] --><!-- [et_pb_line_break_holder] --><!-- [et_pb_line_break_holder] --><\/div>\n<p><!-- [et_pb_line_break_holder] --><!-- [et_pb_line_break_holder] --><!-- [et_pb_line_break_holder] --><\/p>\n<div style=\"position: absolute; left: -5000px;\" aria-hidden=\"true\"><input tabindex=\"-1\" name=\"b_eacf21f5764ae3f17986e652a_7bed980ba7\" type=\"text\" value=\"\" \/><\/div>\n<p><!-- [et_pb_line_break_holder] --><!-- [et_pb_line_break_holder] --><!-- [et_pb_line_break_holder] --><!-- [et_pb_line_break_holder] --><\/div>\n<p><!-- [et_pb_line_break_holder] --><!-- [et_pb_line_break_holder] --><!-- [et_pb_line_break_holder] --><!-- [et_pb_line_break_holder] --><\/form>\n<p><!-- [et_pb_line_break_holder] --><!-- [et_pb_line_break_holder] --><!-- [et_pb_line_break_holder] --><\/div>\n<p><!-- [et_pb_line_break_holder] --><!-- [et_pb_line_break_holder] --><script type='text\/javascript' src='\/\/s3.amazonaws.com\/downloads.mailchimp.com\/js\/mc-validate.js'><\/script><script type='text\/javascript'>(function($) {window.fnames = new Array(); window.ftypes = new Array();fnames[0]='EMAIL';ftypes[0]='email';fnames[1]='FNAME';ftypes[1]='text';fnames[2]='LNAME';ftypes[2]='text';fnames[3]='ADDRESS';ftypes[3]='address';fnames[4]='PHONE';ftypes[4]='phone';fnames[5]='BIRTHDAY';ftypes[5]='birthday';}(jQuery));var $mcj = jQuery.noConflict(true);<\/script>[\/et_pb_code][\/et_pb_column][\/et_pb_row][\/et_pb_section]<\/p>\n","protected":false},"excerpt":{"rendered":"<p>ArticlesHow does one create an improved lifestyle and life quality? What is the difference between chronological and biological aging? Read and learn more about on the subjects of holistic health and longevity.Advance your knowledge within longevity &amp; agingReceive longevity and precision medicine insights, offers, and news!<\/p>\n","protected":false},"author":11,"featured_media":0,"parent":0,"menu_order":0,"comment_status":"closed","ping_status":"closed","template":"","meta":{"_et_pb_use_builder":"on","_et_pb_old_content":"<p>[et_pb_section fb_built=\"1\" _builder_version=\"4.17.6\" _module_preset=\"default\" custom_padding=\"||0px||false|false\" hover_enabled=\"0\" global_colors_info=\"{}\" custom_padding_last_edited=\"on|tablet\" custom_padding_tablet=\"10px||0px||false|false\" sticky_enabled=\"0\" custom_padding_phone=\"10px||0px||false|false\"][et_pb_row _builder_version=\"4.17.3\" _module_preset=\"default\" global_colors_info=\"{}\"][et_pb_column type=\"4_4\" _builder_version=\"4.17.3\" _module_preset=\"default\" global_colors_info=\"{}\"][et_pb_text admin_label=\"L\u00e4r dig om longevity\" _builder_version=\"4.17.6\" _module_preset=\"default\" header_font_size=\"48px\" custom_margin=\"||10px||false|false\" hover_enabled=\"0\" global_colors_info=\"{}\" header_font_size_last_edited=\"on|tablet\" header_font_size_tablet=\"28px\" sticky_enabled=\"0\" header_font_size_phone=\"28px\"]<\/p><h1 style=\"text-align: center;\">L\u00e4r dig om longevity<\/h1><p>[\/et_pb_text][et_pb_text _builder_version=\"4.17.3\" _module_preset=\"default\" global_colors_info=\"{}\"]<\/p><p style=\"text-align: center;\">Hur skapar man en b\u00e4ttre livsstil och livskvalitet? Vad \u00e4r skillnaden mellan kronologisk och biologisk \u00e5lder? L\u00e4s och l\u00e4r dig om allt kring holistisk h\u00e4lsa och longevity.<\/p><p>[\/et_pb_text][\/et_pb_column][\/et_pb_row][et_pb_row _builder_version=\"4.17.3\" _module_preset=\"default\" global_colors_info=\"{}\"][et_pb_column type=\"4_4\" _builder_version=\"4.17.3\" _module_preset=\"default\" global_colors_info=\"{}\"][et_pb_blog fullwidth=\"off\" show_more=\"on\" show_author=\"off\" show_date=\"off\" show_categories=\"off\" masonry_tile_background_color=\"RGBA(255,255,255,0)\" _builder_version=\"4.17.3\" _module_preset=\"default\" header_font=\"|700|||||||\" header_text_color=\"#003E3E\" header_font_size=\"22px\" body_text_color=\"#003E3E\" read_more_font=\"|600|||||||\" read_more_text_color=\"#003E3E\" read_more_font_size=\"16px\" background_color=\"RGBA(255,255,255,0)\" border_width_all=\"0px\" border_radii_image=\"on|20px|20px|20px|20px\" global_colors_info=\"{}\"][\/et_pb_blog][\/et_pb_column][\/et_pb_row][\/et_pb_section][et_pb_section fb_built=\"1\" admin_label=\"Mailchimp\" _builder_version=\"4.17.3\" _module_preset=\"default\" custom_padding=\"0px||||false|false\" global_colors_info=\"{}\"][et_pb_row _builder_version=\"4.17.6\" _module_preset=\"default\" background_color=\"#003E3E\" custom_padding=\"80px|80px|80px|80px|false|false\" hover_enabled=\"0\" border_radii=\"on|30px|30px|30px|30px\" global_colors_info=\"{}\" custom_padding_last_edited=\"on|tablet\" custom_padding_tablet=\"30px|30px|30px|30px|false|false\" sticky_enabled=\"0\" custom_padding_phone=\"30px|30px|30px|30px|false|false\"][et_pb_column type=\"4_4\" _builder_version=\"4.17.3\" _module_preset=\"default\" global_colors_info=\"{}\"][et_pb_text admin_label=\" F\u00f6rdjupa din kunskap inom longevity & h\u00e4lsa\" _builder_version=\"4.17.6\" _module_preset=\"default\" header_3_text_color=\"#FFFFFF\" header_3_font_size=\"48px\" custom_margin=\"||10px||false|false\" custom_padding=\"||||false|false\" hover_enabled=\"0\" global_colors_info=\"{}\" header_3_font_size_last_edited=\"on|tablet\" header_3_font_size_tablet=\"28px\" sticky_enabled=\"0\" header_3_font_size_phone=\"28px\"]<\/p><h3 style=\"text-align: center;\">F\u00f6rdjupa din kunskap inom longevity & h\u00e4lsa<\/h3><p>[\/et_pb_text][et_pb_text _builder_version=\"4.17.3\" _module_preset=\"default\" text_text_color=\"#FFFFFF\" global_colors_info=\"{}\"]<\/p><p style=\"text-align: center;\">F\u00e5 insikter om longevity, precision medicin, erbjudande och nyheter!<\/p><p>[\/et_pb_text][et_pb_code admin_label=\"Mailchimp\" _builder_version=\"4.17.3\" _module_preset=\"default\" text_orientation=\"center\" global_colors_info=\"{}\"]<!-- Begin Mailchimp Signup Form --><!-- [et_pb_line_break_holder] --><\/p><div id=\"mc_embed_signup\"><!-- [et_pb_line_break_holder] --><form id=\"mc-embedded-subscribe-form\" class=\"validate\" action=\"https:\/\/health.us7.list-manage.com\/subscribe\/post?u=eacf21f5764ae3f17986e652a&id=7bed980ba7\" method=\"post\" name=\"mc-embedded-subscribe-form\" novalidate=\"\" target=\"_blank\"><!-- [et_pb_line_break_holder] --><div id=\"mc_embed_signup_scroll\"><!-- [et_pb_line_break_holder] --><div class=\"mc-field-group\"><!-- [et_pb_line_break_holder] --> <input id=\"mce-EMAIL\" class=\"required email\" name=\"EMAIL\" type=\"email\" value=\"\" placeholder=\"Ange din e-postadress...\" \/><input id=\"mc-embedded-subscribe\" class=\"button\" name=\"subscribe\" type=\"submit\" value=\"Skicka\" \/><!-- [et_pb_line_break_holder] --><\/div><p><!-- [et_pb_line_break_holder] --><\/p><div id=\"mce-responses\" class=\"clear\"><!-- [et_pb_line_break_holder] --><div id=\"mce-error-response\" class=\"response\" style=\"display: none;\">\u00a0<\/div><p><!-- [et_pb_line_break_holder] --><\/p><div id=\"mce-success-response\" class=\"response\" style=\"display: none;\">\u00a0<\/div><p><!-- [et_pb_line_break_holder] --><\/p><\/div><p><!-- [et_pb_line_break_holder] --><\/p><div style=\"position: absolute; left: -5000px;\" aria-hidden=\"true\"><input tabindex=\"-1\" name=\"b_eacf21f5764ae3f17986e652a_7bed980ba7\" type=\"text\" value=\"\" \/><\/div><p><!-- [et_pb_line_break_holder] --><\/p><\/div><p><!-- [et_pb_line_break_holder] --><\/p><\/form><p><!-- [et_pb_line_break_holder] --><\/p><\/div><p><!-- [et_pb_line_break_holder] --><script type='text\/javascript' src='\/\/s3.amazonaws.com\/downloads.mailchimp.com\/js\/mc-validate.js'><\/script><script type='text\/javascript'>(function($) {window.fnames = new Array(); window.ftypes = new Array();fnames[0]='EMAIL';ftypes[0]='email';fnames[1]='FNAME';ftypes[1]='text';fnames[2]='LNAME';ftypes[2]='text';fnames[3]='ADDRESS';ftypes[3]='address';fnames[4]='PHONE';ftypes[4]='phone';fnames[5]='BIRTHDAY';ftypes[5]='birthday';}(jQuery));var $mcj = jQuery.noConflict(true);<\/script>[\/et_pb_code][\/et_pb_column][\/et_pb_row][\/et_pb_section]<\/p>","_et_gb_content_width":"","inline_featured_image":false,"footnotes":""},"class_list":["post-4103","page","type-page","status-publish","hentry"],"yoast_head":"<!-- This site is optimized with the Yoast SEO plugin v27.3 - https:\/\/yoast.com\/product\/yoast-seo-wordpress\/ -->\n<title>Articles - nem.health<\/title>\n<meta name=\"robots\" content=\"index, follow, max-snippet:-1, max-image-preview:large, max-video-preview:-1\" \/>\n<link rel=\"canonical\" href=\"https:\/\/nem.health\/en\/nem-articles\/\" \/>\n<meta property=\"og:locale\" content=\"en_US\" \/>\n<meta property=\"og:type\" content=\"article\" \/>\n<meta property=\"og:title\" content=\"Articles - nem.health\" \/>\n<meta property=\"og:description\" content=\"ArticlesHow does one create an improved lifestyle and life quality? What is the difference between chronological and biological aging? Read and learn more about on the subjects of holistic health and longevity.Advance your knowledge within longevity &amp; agingReceive longevity and precision medicine insights, offers, and news!\" \/>\n<meta property=\"og:url\" content=\"https:\/\/nem.health\/en\/nem-articles\/\" \/>\n<meta property=\"og:site_name\" content=\"nem.health\" \/>\n<meta property=\"article:publisher\" content=\"https:\/\/www.facebook.com\/NordicemSE\" \/>\n<meta property=\"article:modified_time\" content=\"2025-08-25T12:38:53+00:00\" \/>\n<meta name=\"twitter:card\" content=\"summary_large_image\" \/>\n<meta name=\"twitter:label1\" content=\"Est. reading time\" \/>\n\t<meta name=\"twitter:data1\" content=\"5 minutes\" \/>\n<script type=\"application\/ld+json\" class=\"yoast-schema-graph\">{\"@context\":\"https:\\\/\\\/schema.org\",\"@graph\":[{\"@type\":\"WebPage\",\"@id\":\"https:\\\/\\\/nem.health\\\/en\\\/nem-articles\\\/\",\"url\":\"https:\\\/\\\/nem.health\\\/en\\\/nem-articles\\\/\",\"name\":\"Articles - nem.health\",\"isPartOf\":{\"@id\":\"https:\\\/\\\/nem.health\\\/en\\\/#website\"},\"datePublished\":\"2022-08-04T09:08:21+00:00\",\"dateModified\":\"2025-08-25T12:38:53+00:00\",\"breadcrumb\":{\"@id\":\"https:\\\/\\\/nem.health\\\/en\\\/nem-articles\\\/#breadcrumb\"},\"inLanguage\":\"en-US\",\"potentialAction\":[{\"@type\":\"ReadAction\",\"target\":[\"https:\\\/\\\/nem.health\\\/en\\\/nem-articles\\\/\"]}]},{\"@type\":\"BreadcrumbList\",\"@id\":\"https:\\\/\\\/nem.health\\\/en\\\/nem-articles\\\/#breadcrumb\",\"itemListElement\":[{\"@type\":\"ListItem\",\"position\":1,\"name\":\"Hem\",\"item\":\"https:\\\/\\\/nem.health\\\/en\\\/\"},{\"@type\":\"ListItem\",\"position\":2,\"name\":\"Articles\"}]},{\"@type\":\"WebSite\",\"@id\":\"https:\\\/\\\/nem.health\\\/en\\\/#website\",\"url\":\"https:\\\/\\\/nem.health\\\/en\\\/\",\"name\":\"nem.health\",\"description\":\"Satsa p\u00e5 din h\u00e4lsa\",\"potentialAction\":[{\"@type\":\"SearchAction\",\"target\":{\"@type\":\"EntryPoint\",\"urlTemplate\":\"https:\\\/\\\/nem.health\\\/en\\\/?s={search_term_string}\"},\"query-input\":{\"@type\":\"PropertyValueSpecification\",\"valueRequired\":true,\"valueName\":\"search_term_string\"}}],\"inLanguage\":\"en-US\"}]}<\/script>\n<!-- \/ Yoast SEO plugin. -->","yoast_head_json":{"title":"Articles - nem.health","robots":{"index":"index","follow":"follow","max-snippet":"max-snippet:-1","max-image-preview":"max-image-preview:large","max-video-preview":"max-video-preview:-1"},"canonical":"https:\/\/nem.health\/en\/nem-articles\/","og_locale":"en_US","og_type":"article","og_title":"Articles - nem.health","og_description":"ArticlesHow does one create an improved lifestyle and life quality? What is the difference between chronological and biological aging? Read and learn more about on the subjects of holistic health and longevity.Advance your knowledge within longevity &amp; agingReceive longevity and precision medicine insights, offers, and news!","og_url":"https:\/\/nem.health\/en\/nem-articles\/","og_site_name":"nem.health","article_publisher":"https:\/\/www.facebook.com\/NordicemSE","article_modified_time":"2025-08-25T12:38:53+00:00","twitter_card":"summary_large_image","twitter_misc":{"Est. reading time":"5 minutes"},"schema":{"@context":"https:\/\/schema.org","@graph":[{"@type":"WebPage","@id":"https:\/\/nem.health\/en\/nem-articles\/","url":"https:\/\/nem.health\/en\/nem-articles\/","name":"Articles - nem.health","isPartOf":{"@id":"https:\/\/nem.health\/en\/#website"},"datePublished":"2022-08-04T09:08:21+00:00","dateModified":"2025-08-25T12:38:53+00:00","breadcrumb":{"@id":"https:\/\/nem.health\/en\/nem-articles\/#breadcrumb"},"inLanguage":"en-US","potentialAction":[{"@type":"ReadAction","target":["https:\/\/nem.health\/en\/nem-articles\/"]}]},{"@type":"BreadcrumbList","@id":"https:\/\/nem.health\/en\/nem-articles\/#breadcrumb","itemListElement":[{"@type":"ListItem","position":1,"name":"Hem","item":"https:\/\/nem.health\/en\/"},{"@type":"ListItem","position":2,"name":"Articles"}]},{"@type":"WebSite","@id":"https:\/\/nem.health\/en\/#website","url":"https:\/\/nem.health\/en\/","name":"nem.health","description":"Satsa p\u00e5 din h\u00e4lsa","potentialAction":[{"@type":"SearchAction","target":{"@type":"EntryPoint","urlTemplate":"https:\/\/nem.health\/en\/?s={search_term_string}"},"query-input":{"@type":"PropertyValueSpecification","valueRequired":true,"valueName":"search_term_string"}}],"inLanguage":"en-US"}]}},"_links":{"self":[{"href":"https:\/\/nem.health\/en\/wp-json\/wp\/v2\/pages\/4103","targetHints":{"allow":["GET"]}}],"collection":[{"href":"https:\/\/nem.health\/en\/wp-json\/wp\/v2\/pages"}],"about":[{"href":"https:\/\/nem.health\/en\/wp-json\/wp\/v2\/types\/page"}],"author":[{"embeddable":true,"href":"https:\/\/nem.health\/en\/wp-json\/wp\/v2\/users\/11"}],"replies":[{"embeddable":true,"href":"https:\/\/nem.health\/en\/wp-json\/wp\/v2\/comments?post=4103"}],"version-history":[{"count":19,"href":"https:\/\/nem.health\/en\/wp-json\/wp\/v2\/pages\/4103\/revisions"}],"predecessor-version":[{"id":10634,"href":"https:\/\/nem.health\/en\/wp-json\/wp\/v2\/pages\/4103\/revisions\/10634"}],"wp:attachment":[{"href":"https:\/\/nem.health\/en\/wp-json\/wp\/v2\/media?parent=4103"}],"curies":[{"name":"wp","href":"https:\/\/api.w.org\/{rel}","templated":true}]}}