{"id":4635,"date":"2022-08-23T18:37:33","date_gmt":"2022-08-23T16:37:33","guid":{"rendered":"https:\/\/nem.health\/?page_id=4635"},"modified":"2022-09-21T09:55:00","modified_gmt":"2022-09-21T07:55:00","slug":"eula","status":"publish","type":"page","link":"https:\/\/nem.health\/en\/eula\/","title":{"rendered":"End User License Agreement"},"content":{"rendered":"<p>[et_pb_section fb_built=&#8221;1&#8243; _builder_version=&#8221;4.17.6&#8243; _module_preset=&#8221;default&#8221; global_colors_info=&#8221;{}&#8221;][et_pb_row _builder_version=&#8221;4.17.6&#8243; _module_preset=&#8221;6ed742cf-efd0-49e7-ba70-ace8dc9042e5&#8243; global_colors_info=&#8221;{}&#8221;][et_pb_column type=&#8221;4_4&#8243; _builder_version=&#8221;4.17.3&#8243; _module_preset=&#8221;default&#8221; global_colors_info=&#8221;{}&#8221;][et_pb_text admin_label=&#8221;EULA&#8221; _builder_version=&#8221;4.17.6&#8243; _module_preset=&#8221;c6b86132-892c-446d-91c7-783f1fc43081&#8243; header_font_size_tablet=&#8221;40px&#8221; global_colors_info=&#8221;{}&#8221;]<\/p>\n<h1 style=\"text-align: center;\">End User License Agreement<\/h1>\n<p>[\/et_pb_text][et_pb_text admin_label=&#8221;text&#8221; _builder_version=&#8221;4.17.6&#8243; _module_preset=&#8221;c6b86132-892c-446d-91c7-783f1fc43081&#8243; hover_enabled=&#8221;0&#8243; header_font_size_tablet=&#8221;40px&#8221; global_colors_info=&#8221;{}&#8221; sticky_enabled=&#8221;0&#8243;]<\/p>\n<p>As signatory of this document, hereinafter referred to as &#8220;End User&#8221;, you are directly or indirectly covered by an agreement, referred to as the &#8220;Agreement&#8221;, with Nordic Executive Medicine AB (559076-6381), hereinafter referred to as &#8220;NEM&#8221;, regarding NEMs products.<\/p>\n<p>For NEM to provide the End User with the best possible care, a power of attorney is required to carry out orders and contracts in accordance with \u00a71 in the name of the End User, as well as a consent to process the End User&#8217;s personal data in accordance with \u00a72. By signing the Agreement and\/or this document, the End User agrees to all content herein.<\/p>\n<p><strong>\u00a71 Power of Attorney<\/strong><\/p>\n<p><strong>\u00a71.1 Limited power of attorney &#8211; care system<\/strong><\/p>\n<p>The End User leaves NEM a limited power of attorney, to perform in the End User&#8217;s name, what follows in \u00a71.1.<\/p>\n<ul>\n<li>order supplements<\/li>\n<li>order wearables<\/li>\n<li>order blood samples<\/li>\n<li>order other products which NEM consider necessary, in the interest of promoting the End User&#8217;s individual health<\/li>\n<\/ul>\n<p>To create accounts, in the name of the End User, with various systems. The accounts are created to deliver our service, ensure and improve quality of NEM&#8217;s services, and differs between different products and subscription plans.<\/p>\n<p>Additionally, to create accounts and\/or enter agreements with other care systems and\/or IT solutions NEM considers necessary, in the interest of promoting the End User&#8217;s individual health.<\/p>\n<p>&nbsp;<\/p>\n<p><strong>\u00a71.2 Limitations of the power of attorney<\/strong><\/p>\n<p>NEM must obtain a special permit from the End User, if an order or a contract in NEM&#8217;s capacity as proxy holder according to \u00a71.1, will lead to additional costs for the End User, outside the price specified in the Agreement.<\/p>\n<p>The end user is responsible for any additions the End User makes on his\/her own, regarding NEM&#8217;s orders, or the agreements NEM has signed as a result of \u00a71.1.<\/p>\n<p>&nbsp;<\/p>\n<p><strong>\u00a72 Consent<\/strong><\/p>\n<p>By signing this document, the End User agrees to what follows in \u00a72 and its subheadings.<\/p>\n<p>&nbsp;<\/p>\n<p><strong>\u00a72.1 Personal data<\/strong><\/p>\n<p>When the End User uses NEM&#8217;s services, personal data about the End User is registered to ensure the quality of the products, to communicate with the End User and to comply with laws. All medical data the end user provides NEM, using NEM&#8217;s products may be saved and stored, unless otherwise specified.<\/p>\n<p>The medical data and all patient administration are handled in accordance with the Patient Data Act, which regulates how long the data can be stored, who can be granted access to it and how it is protected.<\/p>\n<p>More information about NEM&#8217;s processing of personal data can be found in NEM&#8217;s integrity policy which is available <a href=\"https:\/\/nem.health\/en\/privacy-policy\/\">here.<\/a><\/p>\n<p>&nbsp;<\/p>\n<p><strong>\u00a72.2 Providing of records and information<\/strong><\/p>\n<p>In order for NEM to provide the End User with the best possible care, NEM needs to receive the End User&#8217;s medical records. NEM recommends that these are requested from all care providers you have been in contact with for the past 12 months. As well as, all additional medical records and documents, which the End User deem relevant, for entry into NEM&#8217;s medical record system. For an additional fee, NEM may undertake the procedure of collecting these journals in the place of the End User. A special power of attorney form is required in such cases.<\/p>\n<p>The End User is always responsible for ensuring that he or she notifies NEM of any information that may be relevant to the End Users care at NEM. The End User needs to continuously provide NEM with updated information, regarding that which does not appear in the records provided and which may be relevant to the care at NEM.<\/p>\n<p>&nbsp;<\/p>\n<p><strong>\u00a72.3 Information from third party<\/strong><\/p>\n<p>The End User can, through the agreements the third-party care systems specified in \u00a71.1, share its individual health data with NEM. To improve the quality of the services, NEM wants access to this data, to which the End User gives its consent.<\/p>\n<p>The end user can give NEM a separate power of attorney to request his records and other relevant information from other care providers &#8211; as described in \u00a72.2. NEM can be contacted for more information on this subject.<\/p>\n<p>&nbsp;<\/p>\n<p><strong>\u00a72.4 Information to third party<\/strong><\/p>\n<p>NEM may transfer personal information about the End User to third parties. This can occur through referrals, transfer of medical records, in emergencies or when NEM is obligated to do so by law.<\/p>\n<p>When NEM sends referrals or transfer medical records to third parties, such as another healthcare institution, NEM must consult the End User. The referral and\/or medical records are designed in such a way that the relevant medical information is sent securely.<\/p>\n<p>In the event of an emergency, where NEM deem that the End User&#8217;s relatives and\/or other party must be notified promptly, NEM may do so without prior consent from the End User. The same applies when NEM is required by law to share information about the End User&#8217;s medical condition.<\/p>\n<p>&nbsp;<\/p>\n<p><strong>\u00a72.5 Data processing through third parties<\/strong><\/p>\n<p>NEM may process personal data the End User provides NEM, through third parties. This is done to improve the quality of NEMs products. A written data processing agreement is always signed with these third parties, to ensure secure handling of personal data. A list of the third parties through which NEM process data can be provided at any time upon request.<\/p>\n<p>NEMs responsibilities regarding personal data the End User provides, which is handled by a third party, are limited to the contents of the privacy policy and the specific data processing agreement.<\/p>\n<p>&nbsp;<\/p>\n<p><strong>\u00a73 When the Agreement is signed by someone else<\/strong><\/p>\n<p>\u00a73 only applies when someone other than the End User signs the Agreement, such as an employer.<\/p>\n<p>By signing this End User License Agreement, the End User agrees to NEM&#8217;s Terms and Conditions and undertakes to abide by these as the &#8220;End User&#8221;. The Terms and Conditions can be found at: https:\/\/nem.health\/en\/terms-and-conditions\/.<\/p>\n<p>For NEM to be able to fulfill its obligations under the Agreement, NEM may disclose information about how the End User uses NEM&#8217;s products. Such information includes for example, how many meetings have taken place between the End User and NEM, during a specific time, and whether the meetings have taken place digitally or via physically.<\/p>\n<p>If the End Users employer has signed the Agreement, it may be necessary to provide certain information to the employer, such as the manager. This is especially common in connection with rehabilitation meetings, where NEM mediates your rehabilitation plan. In such multi-party conversations, the recovery plan is discussed and planned collectively. The information provided is limited to relevant information, with the End User&#8217;s best health in mind.<\/p>\n<p>&nbsp;<\/p>\n<p>[\/et_pb_text][\/et_pb_column][\/et_pb_row][\/et_pb_section]<\/p>\n","protected":false},"excerpt":{"rendered":"<p>End User License AgreementAs signatory of this document, hereinafter referred to as &#8220;End User&#8221;, you are directly or indirectly covered by an agreement, referred to as the &#8220;Agreement&#8221;, with Nordic Executive Medicine AB (559076-6381), hereinafter referred to as &#8220;NEM&#8221;, regarding NEMs products. For NEM to provide the End User with the best possible care, a [&hellip;]<\/p>\n","protected":false},"author":11,"featured_media":0,"parent":0,"menu_order":0,"comment_status":"closed","ping_status":"closed","template":"","meta":{"_et_pb_use_builder":"on","_et_pb_old_content":"<p>[et_pb_section fb_built=\"1\" _builder_version=\"4.17.6\" _module_preset=\"default\" global_colors_info=\"{}\"][et_pb_row _builder_version=\"4.17.6\" _module_preset=\"default\" global_colors_info=\"{}\"][et_pb_column type=\"4_4\" _builder_version=\"4.17.3\" _module_preset=\"default\" global_colors_info=\"{}\"][et_pb_text admin_label=\"Slutanv\u00e4ndaravtal avsedd f\u00f6r samtliga klienter\" _builder_version=\"4.17.6\" _module_preset=\"default\" hover_enabled=\"0\" global_colors_info=\"{}\" sticky_enabled=\"0\"]<\/p><h1 style=\"text-align: center;\">Slutanv\u00e4ndaravtal<\/h1><p>[\/et_pb_text][et_pb_text admin_label=\"Slutanv\u00e4ndaravtal\" _builder_version=\"4.17.6\" _module_preset=\"default\" global_colors_info=\"{}\"]<\/p><p>Som undertecknare av denna handling, nedan ben\u00e4mnt \u201dSlutanv\u00e4ndaren\u201d, omfattas du direkt eller indirekt av ett avtal, nedan ben\u00e4mnt \u201dAvtalet\u201d, med Nordic Executive Medicine AB (559076\u20136381), nedan ben\u00e4mnt \u201dNEM\u201d, avseende NEMs Produkter.<\/p><p>F\u00f6r att NEM ska tillhandah\u00e5lla Slutanv\u00e4ndaren s\u00e5 bra v\u00e5rd som m\u00f6jligt, beh\u00f6vs en fullmakt att i Slutanv\u00e4ndarens namn utf\u00f6ra best\u00e4llningar och avtalstecknande enligt \u00a71, samt ett samtycke att behandla Slutanv\u00e4ndarens personuppgifter efter vad som framg\u00e5r i \u00a72. Vid k\u00f6p av Produkt och\/eller genom att ge sitt samtycke till detta Slutanv\u00e4ndaravtal, godk\u00e4nner Slutanv\u00e4ndaren inneh\u00e5llet h\u00e4ri.<\/p><p><strong>\u00a71 Fullmakt<\/strong><\/p><p><strong>\u00a71.1 Begr\u00e4nsad fullmakt \u2013 v\u00e5rdsystem<\/strong><\/p><p>Slutanv\u00e4ndaren l\u00e4mnar NEM en begr\u00e4nsad fullmakt och samtycke att i dennes namn utf\u00f6ra vad som f\u00f6ljer i \u00a71.1. g\u00f6ras.<\/p><ul><li><span dir=\"ltr\" role=\"presentation\">best\u00e4lla kosttillskott<\/span><\/li><li><span dir=\"ltr\" role=\"presentation\">best\u00e4lla wearables<\/span><\/li><li><span dir=\"ltr\" role=\"presentation\">best\u00e4lla blodprover<\/span><\/li><li><span dir=\"ltr\" role=\"presentation\">best\u00e4lla annat NEM anser n\u00f6dv\u00e4ndigt i intresse att fr\u00e4mja Slutanv\u00e4ndarens <\/span><span dir=\"ltr\" role=\"presentation\">individuella h\u00e4lsa<\/span><\/li><\/ul><p>Att i Slutanv\u00e4ndarens namn skapa konton i olika system. Konton skapas i syfte att leverera tj\u00e4nsten, s\u00e4kerst\u00e4lla och f\u00f6rb\u00e4ttra kvaliteten p\u00e5 NEMs tj\u00e4nster och skiljer sig mellan olika betalningsplaner.<\/p><p>Samt att skapa konton och\/eller teckna avtal hos andra v\u00e5rdsystem och\/eller IT- l\u00f6sningar som NEM anser vara n\u00f6dv\u00e4ndiga i intresse av att fr\u00e4mja Slutanv\u00e4ndarens individuella h\u00e4lsa.<\/p><p><strong>\u00a71.2 Fullmaktens begr\u00e4sningar<\/strong><\/p><p>NEM m\u00e5ste inh\u00e4mta ett s\u00e4rskilt tillst\u00e5nd fr\u00e5n Slutanv\u00e4ndaren, om en kontobest\u00e4llning eller ett avtalstecknande som g\u00f6rs i egenskap av<br \/>fullmaktshavare enligt \u00a71.1, kommer att leda till merkostnader f\u00f6r Slutanv\u00e4ndaren eller \u00e4r utanf\u00f6r priset som anges i Avtalet.<\/p><p>Eventuella till\u00e4gg Slutanv\u00e4ndaren g\u00f6r sj\u00e4lv, avseende NEMs best\u00e4llningar, eller de avtal NEM som tecknat till f\u00f6ljd av \u00a71.1, ansvarar Slutanv\u00e4ndaren f\u00f6r sj\u00e4lv.<\/p><p><strong>\u00a72 Samtycke<\/strong><\/p><p>Genom att skriva under denna handling, samtycker Slutanv\u00e4ndaren till det som f\u00f6ljer i \u00a72 och dess underrubriker.<\/p><p><strong>\u00a72.1 Personuppgifter<\/strong><\/p><p>N\u00e4r Slutanv\u00e4ndaren anv\u00e4nder sig av NEMs tj\u00e4nster registreras personuppgifter om Slutanv\u00e4ndaren f\u00f6r att s\u00e4kra produkternas kvalitet, f\u00f6r att kommunicera med Slutanv\u00e4ndaren och f\u00f6r att efterleva lagar. Alla medicinska uppgifter Slutanv\u00e4ndaren tillhandah\u00e5ller NEM enom anv\u00e4ndande av NEMs varor och\/eller tj\u00e4nster kan komma att sparas och lagras, d\u00e4r annat inte specifikt anges.<\/p><p>De medicinska uppgifterna och all patientadministration hanteras enligt patientdatalagen, som reglerar hur l\u00e4nge uppgifterna ska sparas, vem som kan beredas \u00e5tkomst till dem och hur de skyddas.<\/p><p>Mer information om NEMs behandling av personuppgifter finns i NEMs integritetspolicy som finns tillg\u00e4nglig p\u00e5 <strong><a href=\"\/integritetspolicy\/\">nem.health\/integritetspolicy\/.<\/a><\/strong><\/p><p><strong>\u00a72.2 Tillhandah\u00e5llande av journaler och information<\/strong><\/p><p>F\u00f6r att NEM ska tillhandah\u00e5lla Slutanv\u00e4ndaren s\u00e5 bra v\u00e5rd som m\u00f6jligt, beh\u00f6ver NEM f\u00e5 in Slutanv\u00e4ndarens journaler. NEM rekommenderar att dessa beg\u00e4rs ut fr\u00e5n de v\u00e5rdgivare denne haft kontakt med under de senaste 12 m\u00e5naderna samt att ytterligare ournaler och handlingar beg\u00e4rs ut d\u00e4rut\u00f6ver, som Slutanv\u00e4ndaren tycker \u00e4r av relevans, f\u00f6r inf\u00f6rande i NEMs journalsystem. Mot en extra avgift, kan NEM \u00e5ta sig att inf\u00f6rskaffa journaluppgifterna \u00e5t Slutanv\u00e4ndaren. En s\u00e4rskild fullmaktsblankett kr\u00e4vs i s\u00e5dana fall och beh\u00f6ver<br \/>d\u00e4rmed skrivas under av Slutanv\u00e4ndaren.<\/p><p>Slutanv\u00e4ndaren ansvarar alltid att denne delger NEM all information som kan vara relevant f\u00f6r dennes v\u00e5rd hos NEM. Slutanv\u00e4ndaren ansvarar \u00e4ven f\u00f6r att l\u00f6pande uppdatera NEM med nya uppgifter som inte framg\u00e5r av de journaler som tillhandah\u00e5llits och som kan vara relevanta f\u00f6r den eventuella v\u00e5rden hos NEM.<\/p><p><strong>\u00a72.3 Information fr\u00e5n tredje man<\/strong><\/p><p>Slutanv\u00e4ndaren kan, genom de avtal som tecknas med tredje man avseende v\u00e5rdsystemen som anges i \u00a71.1, dela dennes individuella h\u00e4lsodata till NEM. F\u00f6r att f\u00f6rb\u00e4ttra kvaliteten p\u00e5 tj\u00e4nsterna, \u00f6nskar NEM tillg\u00e5ng till denna data, vilket Slutanv\u00e4ndaren samtycker till.<\/p><p>Slutanv\u00e4ndaren har m\u00f6jlighet att ge NEM en separat fullmakt att beg\u00e4ra in dennes journaler och annan relevant information fr\u00e5n andra v\u00e5rdgivare \u2013 som beskrivet i \u00a72.2. NEM kan kontaktas f\u00f6r mer information om detta.<\/p><p><strong>\u00a72.4 Information till tredje man<\/strong><\/p><p>NEM kan komma att \u00f6verl\u00e4mna personuppgifter om Slutanv\u00e4ndaren till tredje man. Detta vid remiss, \u00f6verl\u00e4mnande av journaler, n\u00f6dsituationer eller n\u00e4r NEM \u00e4r skyldig till detta enligt lag.<\/p><p>N\u00e4r NEM skickar remiss eller l\u00e4mnar ut journaler till tredje man, till exempel en annan v\u00e5rdinstans, g\u00f6rs detta i samr\u00e5d med Slutanv\u00e4ndaren. Remissen och\/eller journalerna utformas p\u00e5 s\u00e5dant s\u00e4tt, att den relevanta medicinska informationen skickas s\u00e4kert.<\/p><p>Vid en n\u00f6dsituation, d\u00e4r NEM bed\u00f6mer att Slutanv\u00e4ndarens anh\u00f6riga och\/eller annan part akut m\u00e5ste underr\u00e4ttas, beh\u00f6ver NEM inte beg\u00e4ra Slutanv\u00e4ndaren om s\u00e4rskilt samtycke. Detsamma g\u00e4ller n\u00e4r NEM enligt lag \u00e4r tvingad att dela information om Slutanv\u00e4ndarens medicinska tillst\u00e5nd.<\/p><p><strong>\u00a72.5 Personuppgiftsbitr\u00e4den<\/strong><\/p><p>NEM kan komma att behandla personuppgifter Slutanv\u00e4ndaren delger NEM till f\u00f6ljd av Avtalet, hos personuppgiftsbitr\u00e4den till NEM. Detta f\u00f6r att f\u00f6rb\u00e4ttra kvaliteten p\u00e5 NEMs varor och tj\u00e4nster. Gentemot NEMs personuppgiftsbitr\u00e4den tecknas alltid ett skriftligt personuppgiftsbitr\u00e4desavtal, f\u00f6r att s\u00e4kerst\u00e4lla en trygg hantering av personuppgifterna. En lista p\u00e5 NEMs personuppgiftsbitr\u00e4den kan n\u00e4r som helst uppvisas mot beg\u00e4ran.<\/p><p>Personuppgifter som Slutanv\u00e4ndaren delar till, och som hanteras hos NEMs underbitr\u00e4den, ansvarar NEM endast f\u00f6r begr\u00e4nsat till vad som anges i NEMs integritetspolicy och respektive personuppgiftsbitr\u00e4desavtal.<\/p><p><strong>\u00a73 N\u00e4r Avtalet tecknas av n\u00e5gon annan<\/strong><\/p><p>\u00a73 g\u00e4ller endast d\u00e4r n\u00e5gon annan \u00e4n Slutanv\u00e4ndaren tecknat ett Avtal, s\u00e5 som en arbetsgivare.<\/p><p>Genom undertecknande av detta Slutanv\u00e4ndaravtal, godk\u00e4nner Slutanv\u00e4ndaren NEMs Allm\u00e4nna villkor och f\u00f6rbinder sig att f\u00f6lja dessa som \u201dSlutanv\u00e4ndare\u201d. De Allm\u00e4nna villkoren \u00e5terfinns p\u00e5: <strong><a href=\"\/allmanna-villkor\/\">nem.health\/allmanna-villkor\/.<\/a><\/strong><\/p><p>F\u00f6r att NEM ska kunna uppfylla sina \u00e5taganden enligt g\u00e4llande Avtal, kan NEM komma att l\u00e4mna ut information om hur Slutanv\u00e4ndaren anv\u00e4nder NEMs varor och tj\u00e4nster. S\u00e5dan information innefattar exempelvis hur m\u00e5nga kontakter som skett med NEM under en viss tid och huruvida kontakten skett digitalt eller via fysiska m\u00f6ten.<\/p><p>Har Slutanv\u00e4ndarens arbetsgivare tecknat Avtalet, kan det vara n\u00f6dv\u00e4ndigt att delge viss information till en person hos arbetsgivaren, s\u00e5som n\u00e4rmaste chef. Detta \u00e4r framf\u00f6r allt aktuellt i samband med rehabiliteringsm\u00f6ten, d\u00e4r NEM beh\u00f6ver \u00e5terkoppla rehabiliteringsplanen. Vid s\u00e5dana flerpartssamtal diskuterar och planerar man gemensamt f\u00f6r Slutanv\u00e4ndarens arbets\u00e5terg\u00e5ng. Den<br \/>informationen som \u00f6verl\u00e4mnas begr\u00e4nsas till relevant information, med Slutanv\u00e4ndarens b\u00e4sta h\u00e4lsa i \u00e5tanke.<\/p><p>\u00a0<\/p><p>[\/et_pb_text][\/et_pb_column][\/et_pb_row][\/et_pb_section]<\/p>","_et_gb_content_width":"","inline_featured_image":false,"footnotes":""},"class_list":["post-4635","page","type-page","status-publish","hentry"],"yoast_head":"<!-- This site is optimized with the Yoast SEO plugin v26.8 - https:\/\/yoast.com\/product\/yoast-seo-wordpress\/ -->\n<title>End User License Agreement - nem.health<\/title>\n<meta name=\"robots\" content=\"index, follow, max-snippet:-1, max-image-preview:large, max-video-preview:-1\" \/>\n<link rel=\"canonical\" href=\"https:\/\/nem.health\/en\/eula\/\" \/>\n<meta property=\"og:locale\" content=\"en_US\" \/>\n<meta property=\"og:type\" content=\"article\" \/>\n<meta property=\"og:title\" content=\"End User License Agreement - nem.health\" \/>\n<meta property=\"og:description\" content=\"End User License AgreementAs signatory of this document, hereinafter referred to as &quot;End User&quot;, you are directly or indirectly covered by an agreement, referred to as the &quot;Agreement&quot;, with Nordic Executive Medicine AB (559076-6381), hereinafter referred to as &quot;NEM&quot;, regarding NEMs products. For NEM to provide the End User with the best possible care, a [&hellip;]\" \/>\n<meta property=\"og:url\" content=\"https:\/\/nem.health\/en\/eula\/\" \/>\n<meta property=\"og:site_name\" content=\"nem.health\" \/>\n<meta property=\"article:publisher\" content=\"https:\/\/www.facebook.com\/NordicemSE\" \/>\n<meta property=\"article:modified_time\" content=\"2022-09-21T07:55:00+00:00\" \/>\n<meta name=\"twitter:card\" content=\"summary_large_image\" \/>\n<meta name=\"twitter:label1\" content=\"Est. reading time\" \/>\n\t<meta name=\"twitter:data1\" content=\"6 minutes\" \/>\n<script type=\"application\/ld+json\" class=\"yoast-schema-graph\">{\"@context\":\"https:\/\/schema.org\",\"@graph\":[{\"@type\":\"WebPage\",\"@id\":\"https:\/\/nem.health\/en\/eula\/\",\"url\":\"https:\/\/nem.health\/en\/eula\/\",\"name\":\"End User License Agreement - nem.health\",\"isPartOf\":{\"@id\":\"https:\/\/nem.health\/en\/#website\"},\"datePublished\":\"2022-08-23T16:37:33+00:00\",\"dateModified\":\"2022-09-21T07:55:00+00:00\",\"breadcrumb\":{\"@id\":\"https:\/\/nem.health\/en\/eula\/#breadcrumb\"},\"inLanguage\":\"en-US\",\"potentialAction\":[{\"@type\":\"ReadAction\",\"target\":[\"https:\/\/nem.health\/en\/eula\/\"]}]},{\"@type\":\"BreadcrumbList\",\"@id\":\"https:\/\/nem.health\/en\/eula\/#breadcrumb\",\"itemListElement\":[{\"@type\":\"ListItem\",\"position\":1,\"name\":\"Hem\",\"item\":\"https:\/\/nem.health\/en\/\"},{\"@type\":\"ListItem\",\"position\":2,\"name\":\"End User License Agreement\"}]},{\"@type\":\"WebSite\",\"@id\":\"https:\/\/nem.health\/en\/#website\",\"url\":\"https:\/\/nem.health\/en\/\",\"name\":\"nem.health\",\"description\":\"Satsa p\u00e5 din h\u00e4lsa\",\"potentialAction\":[{\"@type\":\"SearchAction\",\"target\":{\"@type\":\"EntryPoint\",\"urlTemplate\":\"https:\/\/nem.health\/en\/?s={search_term_string}\"},\"query-input\":{\"@type\":\"PropertyValueSpecification\",\"valueRequired\":true,\"valueName\":\"search_term_string\"}}],\"inLanguage\":\"en-US\"}]}<\/script>\n<!-- \/ Yoast SEO plugin. -->","yoast_head_json":{"title":"End User License Agreement - nem.health","robots":{"index":"index","follow":"follow","max-snippet":"max-snippet:-1","max-image-preview":"max-image-preview:large","max-video-preview":"max-video-preview:-1"},"canonical":"https:\/\/nem.health\/en\/eula\/","og_locale":"en_US","og_type":"article","og_title":"End User License Agreement - nem.health","og_description":"End User License AgreementAs signatory of this document, hereinafter referred to as \"End User\", you are directly or indirectly covered by an agreement, referred to as the \"Agreement\", with Nordic Executive Medicine AB (559076-6381), hereinafter referred to as \"NEM\", regarding NEMs products. For NEM to provide the End User with the best possible care, a [&hellip;]","og_url":"https:\/\/nem.health\/en\/eula\/","og_site_name":"nem.health","article_publisher":"https:\/\/www.facebook.com\/NordicemSE","article_modified_time":"2022-09-21T07:55:00+00:00","twitter_card":"summary_large_image","twitter_misc":{"Est. reading time":"6 minutes"},"schema":{"@context":"https:\/\/schema.org","@graph":[{"@type":"WebPage","@id":"https:\/\/nem.health\/en\/eula\/","url":"https:\/\/nem.health\/en\/eula\/","name":"End User License Agreement - nem.health","isPartOf":{"@id":"https:\/\/nem.health\/en\/#website"},"datePublished":"2022-08-23T16:37:33+00:00","dateModified":"2022-09-21T07:55:00+00:00","breadcrumb":{"@id":"https:\/\/nem.health\/en\/eula\/#breadcrumb"},"inLanguage":"en-US","potentialAction":[{"@type":"ReadAction","target":["https:\/\/nem.health\/en\/eula\/"]}]},{"@type":"BreadcrumbList","@id":"https:\/\/nem.health\/en\/eula\/#breadcrumb","itemListElement":[{"@type":"ListItem","position":1,"name":"Hem","item":"https:\/\/nem.health\/en\/"},{"@type":"ListItem","position":2,"name":"End User License Agreement"}]},{"@type":"WebSite","@id":"https:\/\/nem.health\/en\/#website","url":"https:\/\/nem.health\/en\/","name":"nem.health","description":"Satsa p\u00e5 din h\u00e4lsa","potentialAction":[{"@type":"SearchAction","target":{"@type":"EntryPoint","urlTemplate":"https:\/\/nem.health\/en\/?s={search_term_string}"},"query-input":{"@type":"PropertyValueSpecification","valueRequired":true,"valueName":"search_term_string"}}],"inLanguage":"en-US"}]}},"_links":{"self":[{"href":"https:\/\/nem.health\/en\/wp-json\/wp\/v2\/pages\/4635","targetHints":{"allow":["GET"]}}],"collection":[{"href":"https:\/\/nem.health\/en\/wp-json\/wp\/v2\/pages"}],"about":[{"href":"https:\/\/nem.health\/en\/wp-json\/wp\/v2\/types\/page"}],"author":[{"embeddable":true,"href":"https:\/\/nem.health\/en\/wp-json\/wp\/v2\/users\/11"}],"replies":[{"embeddable":true,"href":"https:\/\/nem.health\/en\/wp-json\/wp\/v2\/comments?post=4635"}],"version-history":[{"count":10,"href":"https:\/\/nem.health\/en\/wp-json\/wp\/v2\/pages\/4635\/revisions"}],"predecessor-version":[{"id":5226,"href":"https:\/\/nem.health\/en\/wp-json\/wp\/v2\/pages\/4635\/revisions\/5226"}],"wp:attachment":[{"href":"https:\/\/nem.health\/en\/wp-json\/wp\/v2\/media?parent=4635"}],"curies":[{"name":"wp","href":"https:\/\/api.w.org\/{rel}","templated":true}]}}